{"id":32,"date":"2019-02-01T13:34:04","date_gmt":"2019-02-01T12:34:04","guid":{"rendered":"https:\/\/neurologie-t2.de\/?page_id=32"},"modified":"2024-06-25T13:48:40","modified_gmt":"2024-06-25T11:48:40","slug":"impressum","status":"publish","type":"page","link":"https:\/\/neurologie-t2.de\/?page_id=32","title":{"rendered":"Impressum"},"content":{"rendered":"<div id='full_slider_1'  class='avia-fullwidth-slider main_color avia-shadow   avia-builder-el-0  el_before_av_section  avia-builder-el-first   container_wrap fullsize'  ><div   data-size='no scaling'  data-lightbox_size='large'  data-animation='slide'  data-conditional_play=''  data-ids='183'  data-video_counter='0'  data-autoplay='false'  data-bg_slider='false'  data-slide_height=''  data-handle='av_slideshow_full'  data-interval='5'  data-class=' image_no_stretch'  data-el_id=''  data-css_id=''  data-scroll_down=''  data-control_layout='av-control-default'  data-custom_markup=''  data-perma_caption=''  data-autoplay_stopper=''  data-image_attachment=''  data-min_height='0px'  data-lazy_loading='disabled'  data-src=''  data-position='top left'  data-repeat='no-repeat'  data-attach='scroll'  data-stretch='image_no_stretch'  class='avia-slideshow avia-slideshow-1  av-control-default av-default-height-applied avia-slideshow-no scaling av_slideshow_full  image_no_stretch avia-slide-slider '  itemprop=\"image\" itemscope=\"itemscope\" itemtype=\"https:\/\/schema.org\/ImageObject\" ><ul class='avia-slideshow-inner ' style='padding-bottom: 9%;' ><li  class=' av-single-slide slide-1 ' ><div data-rel='slideshow-1' class='avia-slide-wrap '   ><div class = \"caption_fullwidth av-slideshow-caption caption_bottom\"><div class = \"container caption_container\"><div class = \"slideshow_caption\"><div class = \"slideshow_inner_caption\"><div class = \"slideshow_align_caption\"><h2  class='avia-caption-title  '  itemprop=\"name\" ><span class=\"platzhalter\">-<\/span><\/h2><\/div><\/div><\/div><\/div><\/div><img decoding=\"async\" class=\"wp-image-183 avia-img-lazy-loading-not-183\"  src=\"https:\/\/neurologie-t2.de\/wp-content\/uploads\/2019\/02\/neurologie-t2-header.jpg\" width=\"2000\" height=\"180\" title='neurologie-t2-header' alt=''  itemprop=\"thumbnailUrl\" srcset=\"https:\/\/neurologie-t2.de\/wp-content\/uploads\/2019\/02\/neurologie-t2-header.jpg 2000w, https:\/\/neurologie-t2.de\/wp-content\/uploads\/2019\/02\/neurologie-t2-header-300x27.jpg 300w, https:\/\/neurologie-t2.de\/wp-content\/uploads\/2019\/02\/neurologie-t2-header-768x69.jpg 768w, https:\/\/neurologie-t2.de\/wp-content\/uploads\/2019\/02\/neurologie-t2-header-1030x93.jpg 1030w, https:\/\/neurologie-t2.de\/wp-content\/uploads\/2019\/02\/neurologie-t2-header-1500x135.jpg 1500w, https:\/\/neurologie-t2.de\/wp-content\/uploads\/2019\/02\/neurologie-t2-header-705x63.jpg 705w, https:\/\/neurologie-t2.de\/wp-content\/uploads\/2019\/02\/neurologie-t2-header-450x41.jpg 450w\" sizes=\"(max-width: 2000px) 100vw, 2000px\" \/><\/div><\/li><\/ul><\/div><\/div>\n<div id='av_section_1'  class='avia-section av-5y7h-f6b4cb56d3bc69dee6cda9e19e4a5822 main_color avia-section-small avia-no-border-styling  avia-builder-el-1  el_after_av_slideshow_full  el_before_av_section  avia-bg-style-scroll  container_wrap fullsize'  ><div class='container av-section-cont-open' ><div class='template-page content  av-content-full alpha units'><div class='post-entry post-entry-type-page post-entry-32'><div class='entry-content-wrapper clearfix'>\n<section class=\"av_textblock_section \"  itemscope=\"itemscope\" itemtype=\"https:\/\/schema.org\/CreativeWork\" ><div class='avia_textblock header-schrift '   itemprop=\"text\" ><h1>Impressumsangaben<\/h1>\n<\/div><\/section>\n\n<\/div><\/div><\/div><!-- close content main div --><\/div><\/div><div id='av_section_2'  class='avia-section av-5y7h-95ead8babe612547064738b82abd7ae2 alternate_color avia-section-default avia-no-border-styling  avia-builder-el-3  el_after_av_section  avia-builder-el-last  avia-bg-style-scroll  container_wrap fullsize'  ><div class='container av-section-cont-open' ><div class='template-page content  av-content-full alpha units'><div class='post-entry post-entry-type-page post-entry-32'><div class='entry-content-wrapper clearfix'>\n\n<style type=\"text\/css\" data-created_by=\"avia_inline_auto\" id=\"style-css-av-9dc9-2a6bec1d4471baef366f4ab9d823bc8e\">\n.flex_column.av-9dc9-2a6bec1d4471baef366f4ab9d823bc8e{\nborder-radius:0px 0px 0px 0px;\n-webkit-border-radius:0px 0px 0px 0px;\n-moz-border-radius:0px 0px 0px 0px;\n}\n<\/style>\n<div class='flex_column av-9dc9-2a6bec1d4471baef366f4ab9d823bc8e av_three_fourth  avia-builder-el-4  el_before_av_one_fourth  avia-builder-el-first  first av-break-at-tablet flex_column_div av-zero-column-padding '   ><section class=\"av_textblock_section \"  itemscope=\"itemscope\" itemtype=\"https:\/\/schema.org\/CreativeWork\" ><div class='avia_textblock  '   itemprop=\"text\" ><p>Dr. med. Jan Fabricius<br \/>\nDr. med. Mich\u00e8le Herold<br \/>\nDr. med. Anja Christina Stecay<\/p>\n<p>Hailerer Str. 16<br \/>\n63571 Gelnhausen<\/p>\n<h3>Sitz der Gesellschaft<\/h3>\n<p>Hailerer Str. 16<br \/>\n63571 Gelnhausen<\/p>\n<h3>Kontakt:<\/h3>\n<p>Telefon: +49 (0) 6051 53866-0<br \/>\nTelefax: +49 (0) 6051 53866-29<br \/>\nE-Mail: info@neurologie-t2.de<\/p>\n<h3>Vertreten durch:<\/h3>\n<p>Dr. med. Jan Fabricius<br \/>\nDr. med. Mich\u00e8le Herold<br \/>\nDr. med. Anja Christina Stecay<\/p>\n<h3>Angaben zur Berufshaftpflichtversicherung:<\/h3>\n<p>Deutsche \u00c4rzteversicherung<br \/>\nAllgemeine Zweigniederlassung der AXA verischerungsgesellschaft<br \/>\n51171 K\u00f6ln<\/p>\n<p>Geltungsraum der Versicherung: Deutschland<\/p>\n<h3>Berufsbezeichnung und berufsrechtliche Regelungen:<\/h3>\n<p>Berufsbezeichnung: Fach\u00e4rzte f\u00fcr Neurologie<br \/>\nZust\u00e4ndige Kammer: <a href=\"http:\/\/www.laekh.de\/\">www.laekh.de<\/a> Landes\u00e4rztekammer Hessen, Im Vogelsgesang 3, 60488 Frankfurt am Main<br \/>\nVerliehen in: Bundesrepublik Deutschland<\/p>\n<h3>Aufsichtsbeh\u00f6rde:<\/h3>\n<p>Landes\u00e4rztekammer Hessen<br \/>\nIm Vogelsgesang 3<br \/>\n60488 Frankfurt am Main<br \/>\nTel.: 069\/97 672-0<br \/>\nFax: 069\/97 672-128<\/p>\n<p>Mitglied der Hessischen Landes\u00e4rtzekammer www.haek.de unter der Berufsordnung f\u00fcr die \u00c4rzte Hessens unter www.laek.de und der Kassen\u00e4rztlichen Bundesvereinigung <a href=\"http:\/\/www.kvb.de\">www.kvb.de<\/a>.<\/p>\n<h3>Hinweis nach \u00a7 36 Verbraucherstreitbeilegungsgesetz (VSBG):<\/h3>\n<p>Die Europ\u00e4ische Kommission stellt eine Plattform zur Online-Streitbeilegung (OS) bereit: <a href=\"https:\/\/ec.europa.eu\/consumers\/odr\" target=\"_blank\" rel=\"noopener noreferrer\">https:\/\/ec.europa.eu\/consumers\/odr<\/a>.<br \/>\nUnsere E-Mail-Adresse finden Sie oben im Impressum.<\/p>\n<p>Wir, werden nicht in einem Streitbeilegungsverfahren vor einer Verbraucherschlichtungsstelle im Sinne des VSBG teilnehmen und sind dazu auch nicht verpflichtet.<\/p>\n<h3>Quellennachweise f\u00fcr die verwendeten Bilder und Grafiken:<\/h3>\n<p>Slide 1 \u00a9 shutterstock.com by YAKOBCHUK VIACHESLAV<br \/>\nSlide 2 \u00a9 shutterstock.com by Gorodenkoff<br \/>\nSlide 1, Slide 2 \u2013 Wellen in Bild \u00a9 shutterstock.com by Chaikom<br \/>\nStart \u2013 Kopf \u00a9 shutterstock.com by marina_ua<\/p>\n<p>Alle weiteren Bilder \u00a9 Neurologie im Kinzigtal<\/p>\n<\/div><\/section><\/div>\n<style type=\"text\/css\" data-created_by=\"avia_inline_auto\" id=\"style-css-av-87df-f819fc8601005c10f2e25d3b8e937bc5\">\n.flex_column.av-87df-f819fc8601005c10f2e25d3b8e937bc5{\nborder-radius:0px 0px 0px 0px;\n-webkit-border-radius:0px 0px 0px 0px;\n-moz-border-radius:0px 0px 0px 0px;\n}\n<\/style>\n<div class='flex_column av-87df-f819fc8601005c10f2e25d3b8e937bc5 av_one_fourth  avia-builder-el-6  el_after_av_three_fourth  avia-builder-el-last  av-break-at-tablet flex_column_div av-hide-on-mobile av-zero-column-padding '   ><div  class='avia-builder-widget-area clearfix  avia-builder-el-7  avia-builder-el-no-sibling '><div id=\"nav_menu-2\" class=\"widget clearfix widget_nav_menu\"><h3 class=\"widgettitle\">Rechtliches<\/h3><div class=\"menu-rechtliches-container\"><ul id=\"menu-rechtliches\" class=\"menu\"><li id=\"menu-item-38\" class=\"menu-item menu-item-type-post_type menu-item-object-page menu-item-38\"><a href=\"https:\/\/neurologie-t2.de\/?page_id=32\">Impressum<\/a><\/li>\n<li id=\"menu-item-37\" class=\"menu-item menu-item-type-post_type menu-item-object-page menu-item-37\"><a href=\"https:\/\/neurologie-t2.de\/?page_id=34\">Haftung<\/a><\/li>\n<li id=\"menu-item-24\" class=\"menu-item menu-item-type-post_type menu-item-object-page menu-item-24\"><a href=\"https:\/\/neurologie-t2.de\/?page_id=3\">Datenschutz<\/a><\/li>\n<\/ul><\/div><\/div><\/div><\/div>\n","protected":false},"excerpt":{"rendered":"","protected":false},"author":1,"featured_media":0,"parent":0,"menu_order":10,"comment_status":"closed","ping_status":"open","template":"","meta":{"footnotes":""},"class_list":["post-32","page","type-page","status-publish","hentry"],"yoast_head":"<!-- This site is optimized with the Yoast SEO plugin v27.2 - https:\/\/yoast.com\/product\/yoast-seo-wordpress\/ -->\n<title>Impressum - Neurologie im Kinzigtal<\/title>\n<meta name=\"robots\" content=\"index, follow, max-snippet:-1, max-image-preview:large, max-video-preview:-1\" \/>\n<link rel=\"canonical\" href=\"https:\/\/neurologie-t2.de\/?page_id=32\" \/>\n<meta property=\"og:locale\" content=\"de_DE\" \/>\n<meta property=\"og:type\" content=\"article\" \/>\n<meta property=\"og:title\" content=\"Impressum - Neurologie im Kinzigtal\" \/>\n<meta property=\"og:url\" content=\"https:\/\/neurologie-t2.de\/?page_id=32\" \/>\n<meta property=\"og:site_name\" content=\"Neurologie im Kinzigtal\" \/>\n<meta property=\"article:modified_time\" content=\"2024-06-25T11:48:40+00:00\" \/>\n<meta name=\"twitter:card\" content=\"summary_large_image\" \/>\n<meta name=\"twitter:label1\" content=\"Gesch\u00e4tzte Lesezeit\" \/>\n\t<meta name=\"twitter:data1\" content=\"5\u00a0Minuten\" \/>\n<script type=\"application\/ld+json\" class=\"yoast-schema-graph\">{\"@context\":\"https:\/\/schema.org\",\"@graph\":[{\"@type\":\"WebPage\",\"@id\":\"https:\/\/neurologie-t2.de\/?page_id=32\",\"url\":\"https:\/\/neurologie-t2.de\/?page_id=32\",\"name\":\"Impressum - Neurologie im Kinzigtal\",\"isPartOf\":{\"@id\":\"https:\/\/neurologie-t2.de\/#website\"},\"datePublished\":\"2019-02-01T12:34:04+00:00\",\"dateModified\":\"2024-06-25T11:48:40+00:00\",\"breadcrumb\":{\"@id\":\"https:\/\/neurologie-t2.de\/?page_id=32#breadcrumb\"},\"inLanguage\":\"de\",\"potentialAction\":[{\"@type\":\"ReadAction\",\"target\":[\"https:\/\/neurologie-t2.de\/?page_id=32\"]}]},{\"@type\":\"BreadcrumbList\",\"@id\":\"https:\/\/neurologie-t2.de\/?page_id=32#breadcrumb\",\"itemListElement\":[{\"@type\":\"ListItem\",\"position\":1,\"name\":\"Start\",\"item\":\"https:\/\/neurologie-t2.de\/?page_id=2\"},{\"@type\":\"ListItem\",\"position\":2,\"name\":\"Impressum\"}]},{\"@type\":\"WebSite\",\"@id\":\"https:\/\/neurologie-t2.de\/#website\",\"url\":\"https:\/\/neurologie-t2.de\/\",\"name\":\"Neurologie im Kinzigtal\",\"description\":\"\",\"potentialAction\":[{\"@type\":\"SearchAction\",\"target\":{\"@type\":\"EntryPoint\",\"urlTemplate\":\"https:\/\/neurologie-t2.de\/?s={search_term_string}\"},\"query-input\":{\"@type\":\"PropertyValueSpecification\",\"valueRequired\":true,\"valueName\":\"search_term_string\"}}],\"inLanguage\":\"de\"}]}<\/script>\n<!-- \/ Yoast SEO plugin. -->","yoast_head_json":{"title":"Impressum - Neurologie im Kinzigtal","robots":{"index":"index","follow":"follow","max-snippet":"max-snippet:-1","max-image-preview":"max-image-preview:large","max-video-preview":"max-video-preview:-1"},"canonical":"https:\/\/neurologie-t2.de\/?page_id=32","og_locale":"de_DE","og_type":"article","og_title":"Impressum - Neurologie im Kinzigtal","og_url":"https:\/\/neurologie-t2.de\/?page_id=32","og_site_name":"Neurologie im Kinzigtal","article_modified_time":"2024-06-25T11:48:40+00:00","twitter_card":"summary_large_image","twitter_misc":{"Gesch\u00e4tzte Lesezeit":"5\u00a0Minuten"},"schema":{"@context":"https:\/\/schema.org","@graph":[{"@type":"WebPage","@id":"https:\/\/neurologie-t2.de\/?page_id=32","url":"https:\/\/neurologie-t2.de\/?page_id=32","name":"Impressum - Neurologie im Kinzigtal","isPartOf":{"@id":"https:\/\/neurologie-t2.de\/#website"},"datePublished":"2019-02-01T12:34:04+00:00","dateModified":"2024-06-25T11:48:40+00:00","breadcrumb":{"@id":"https:\/\/neurologie-t2.de\/?page_id=32#breadcrumb"},"inLanguage":"de","potentialAction":[{"@type":"ReadAction","target":["https:\/\/neurologie-t2.de\/?page_id=32"]}]},{"@type":"BreadcrumbList","@id":"https:\/\/neurologie-t2.de\/?page_id=32#breadcrumb","itemListElement":[{"@type":"ListItem","position":1,"name":"Start","item":"https:\/\/neurologie-t2.de\/?page_id=2"},{"@type":"ListItem","position":2,"name":"Impressum"}]},{"@type":"WebSite","@id":"https:\/\/neurologie-t2.de\/#website","url":"https:\/\/neurologie-t2.de\/","name":"Neurologie im Kinzigtal","description":"","potentialAction":[{"@type":"SearchAction","target":{"@type":"EntryPoint","urlTemplate":"https:\/\/neurologie-t2.de\/?s={search_term_string}"},"query-input":{"@type":"PropertyValueSpecification","valueRequired":true,"valueName":"search_term_string"}}],"inLanguage":"de"}]}},"_links":{"self":[{"href":"https:\/\/neurologie-t2.de\/index.php?rest_route=\/wp\/v2\/pages\/32","targetHints":{"allow":["GET"]}}],"collection":[{"href":"https:\/\/neurologie-t2.de\/index.php?rest_route=\/wp\/v2\/pages"}],"about":[{"href":"https:\/\/neurologie-t2.de\/index.php?rest_route=\/wp\/v2\/types\/page"}],"author":[{"embeddable":true,"href":"https:\/\/neurologie-t2.de\/index.php?rest_route=\/wp\/v2\/users\/1"}],"replies":[{"embeddable":true,"href":"https:\/\/neurologie-t2.de\/index.php?rest_route=%2Fwp%2Fv2%2Fcomments&post=32"}],"version-history":[{"count":22,"href":"https:\/\/neurologie-t2.de\/index.php?rest_route=\/wp\/v2\/pages\/32\/revisions"}],"predecessor-version":[{"id":430,"href":"https:\/\/neurologie-t2.de\/index.php?rest_route=\/wp\/v2\/pages\/32\/revisions\/430"}],"wp:attachment":[{"href":"https:\/\/neurologie-t2.de\/index.php?rest_route=%2Fwp%2Fv2%2Fmedia&parent=32"}],"curies":[{"name":"wp","href":"https:\/\/api.w.org\/{rel}","templated":true}]}}